{"id":294,"date":"2026-02-18T19:11:38","date_gmt":"2026-02-18T17:11:38","guid":{"rendered":"https:\/\/bobbys-pub.ch\/about\/"},"modified":"2026-02-19T21:39:01","modified_gmt":"2026-02-19T19:39:01","slug":"about","status":"publish","type":"page","link":"https:\/\/bobbys-pub.ch\/it\/about\/","title":{"rendered":"About"},"content":{"rendered":"<div data-elementor-type=\"wp-page\" data-elementor-id=\"294\" class=\"elementor elementor-294\">\n\t\t\t\t<div class=\"elementor-element elementor-element-c6c7b53 e-flex e-con-boxed e-con e-parent\" data-id=\"c6c7b53\" data-element_type=\"container\" data-e-type=\"container\" data-settings=\"{&quot;background_background&quot;:&quot;classic&quot;}\">\n\t\t\t\t\t<div class=\"e-con-inner\">\n\t\t<div class=\"elementor-element elementor-element-feeb0e5 e-flex e-con-boxed e-con e-child\" data-id=\"feeb0e5\" data-element_type=\"container\" data-e-type=\"container\" data-settings=\"{&quot;background_background&quot;:&quot;classic&quot;}\">\n\t\t\t\t\t<div class=\"e-con-inner\">\n\t\t\t\t<div class=\"elementor-element elementor-element-8e52556 elementor-widget elementor-widget-heading\" data-id=\"8e52556\" data-element_type=\"widget\" data-e-type=\"widget\" data-widget_type=\"heading.default\">\n\t\t\t\t\t<h1 class=\"elementor-heading-title elementor-size-default\">Chi siamo<\/h1>\t\t\t\t<\/div>\n\t\t\t\t\t<\/div>\n\t\t\t\t<\/div>\n\t\t\t\t\t<\/div>\n\t\t\t\t<\/div>\n\t\t<div class=\"elementor-element elementor-element-1b558a0 e-flex e-con-boxed e-con e-parent\" data-id=\"1b558a0\" data-element_type=\"container\" data-e-type=\"container\">\n\t\t\t\t\t<div class=\"e-con-inner\">\n\t\t<div class=\"elementor-element elementor-element-d29b04c e-con-full e-flex e-con e-child\" data-id=\"d29b04c\" data-element_type=\"container\" data-e-type=\"container\">\n\t\t\t\t<div class=\"elementor-element elementor-element-63c7180 elementor-widget elementor-widget-image\" data-id=\"63c7180\" data-element_type=\"widget\" data-e-type=\"widget\" data-widget_type=\"image.default\">\n\t\t\t\t\t\t\t\t\t\t\t\t\t\t\t<img fetchpriority=\"high\" decoding=\"async\" width=\"2560\" height=\"1795\" src=\"https:\/\/bobbys-pub.ch\/wp-content\/uploads\/2026\/02\/20231231_220537-scaled.jpg\" class=\"attachment-full size-full wp-image-824\" alt=\"\u00dcberUnsFoto\" srcset=\"https:\/\/bobbys-pub.ch\/wp-content\/uploads\/2026\/02\/20231231_220537-scaled.jpg 2560w, https:\/\/bobbys-pub.ch\/wp-content\/uploads\/2026\/02\/20231231_220537-300x210.jpg 300w, https:\/\/bobbys-pub.ch\/wp-content\/uploads\/2026\/02\/20231231_220537-1024x718.jpg 1024w, https:\/\/bobbys-pub.ch\/wp-content\/uploads\/2026\/02\/20231231_220537-768x538.jpg 768w, https:\/\/bobbys-pub.ch\/wp-content\/uploads\/2026\/02\/20231231_220537-1536x1077.jpg 1536w, https:\/\/bobbys-pub.ch\/wp-content\/uploads\/2026\/02\/20231231_220537-2048x1436.jpg 2048w\" sizes=\"(max-width: 2560px) 100vw, 2560px\" title=\"About\">\t\t\t\t\t\t\t\t\t\t\t\t\t\t\t<\/div>\n\t\t\t\t<\/div>\n\t\t<div class=\"elementor-element elementor-element-fbfdf06 e-con-full e-flex e-con e-child\" data-id=\"fbfdf06\" data-element_type=\"container\" data-e-type=\"container\">\n\t\t\t\t<div class=\"elementor-element elementor-element-11a5f21 elementor-widget elementor-widget-heading\" data-id=\"11a5f21\" data-element_type=\"widget\" data-e-type=\"widget\" data-widget_type=\"heading.default\">\n\t\t\t\t\t<h6 class=\"elementor-heading-title elementor-size-default\">Tradizione e atmosfera da decenni<\/h6>\t\t\t\t<\/div>\n\t\t\t\t<div class=\"elementor-element elementor-element-c75a923 elementor-widget elementor-widget-heading\" data-id=\"c75a923\" data-element_type=\"widget\" data-e-type=\"widget\" data-widget_type=\"heading.default\">\n\t\t\t\t\t<h2 class=\"elementor-heading-title elementor-size-default\">La nostra storia<\/h2>\t\t\t\t<\/div>\n\t\t\t\t<div class=\"elementor-element elementor-element-c52f6d5 elementor-widget elementor-widget-text-editor\" data-id=\"c52f6d5\" data-element_type=\"widget\" data-e-type=\"widget\" data-widget_type=\"text-editor.default\">\n\t\t\t\t\t\t\t\t\t<p data-start=\"840\" data-end=\"1306\">Il Bobby\u2019s Pub rappresenta da molti anni convivialit\u00e0, autenticit\u00e0 e piacere senza complicazioni. Abitanti del luogo e ospiti da tutto il mondo apprezzano l\u2019atmosfera calorosa, le conversazioni spontanee al bancone e il fascino speciale che si trova solo in un vero pub.\nIl nostro team vive l\u2019ospitalit\u00e0 con passione e fa in modo che ogni visita sembri una serata tra amici. Qui nascono incontri, ricordi e storie che restano.<\/p>\t\t\t\t\t\t\t\t<\/div>\n\t\t\t\t<\/div>\n\t\t\t\t\t<\/div>\n\t\t\t\t<\/div>\n\t\t<div class=\"elementor-element elementor-element-1620686 e-con-full e-flex e-con e-parent\" data-id=\"1620686\" data-element_type=\"container\" data-e-type=\"container\">\n\t\t\t\t<div class=\"elementor-element elementor-element-6835075 elementor-widget elementor-widget-google_maps\" data-id=\"6835075\" data-element_type=\"widget\" data-e-type=\"widget\" data-widget_type=\"google_maps.default\">\n\t\t\t\t\t\t\t<div class=\"elementor-custom-embed\">\n\t\t\t<iframe loading=\"lazy\"\n\t\t\t\t\tsrc=\"https:\/\/maps.google.com\/maps?q=Bobby%27s%20Pub%2C%20St.%20Moritz&#038;t=m&#038;z=16&#038;output=embed&#038;iwloc=near\"\n\t\t\t\t\ttitle=\"Bobby&#039;s Pub, St. Moritz\"\n\t\t\t\t\taria-label=\"Bobby&#039;s Pub, St. Moritz\"\n\t\t\t><\/iframe>\n\t\t<\/div>\n\t\t\t\t\t\t<\/div>\n\t\t\t\t<\/div>\n\t\t\t\t<\/div>","protected":false},"excerpt":{"rendered":"<p>\u00dcber uns Tradition und Atmosph\u00e4re seit Jahrzehnten Wer wir sind Das Bobby\u2019s Pub steht seit vielen Jahren f\u00fcr Geselligkeit, Authentizit\u00e4t und unkomplizierten Genuss. Einheimische und G\u00e4ste aus aller Welt sch\u00e4tzen die warme Atmosph\u00e4re, die offenen Gespr\u00e4che an der Bar und das besondere Flair, das man nur in einem echten Pub findet. Unser Team lebt Gastfreundschaft [&hellip;]<\/p>\n","protected":false},"author":1,"featured_media":0,"parent":0,"menu_order":0,"comment_status":"closed","ping_status":"closed","template":"","meta":{"site-sidebar-layout":"no-sidebar","site-content-layout":"","ast-site-content-layout":"full-width-container","site-content-style":"default","site-sidebar-style":"default","ast-global-header-display":"","ast-banner-title-visibility":"","ast-main-header-display":"","ast-hfb-above-header-display":"","ast-hfb-below-header-display":"","ast-hfb-mobile-header-display":"","site-post-title":"disabled","ast-breadcrumbs-content":"","ast-featured-img":"disabled","footer-sml-layout":"","ast-disable-related-posts":"","theme-transparent-header-meta":"disabled","adv-header-id-meta":"","stick-header-meta":"","header-above-stick-meta":"","header-main-stick-meta":"","header-below-stick-meta":"","astra-migrate-meta-layouts":"default","ast-page-background-enabled":"default","ast-page-background-meta":{"desktop":{"background-color":"var(--ast-global-color-5)","background-image":"","background-repeat":"repeat","background-position":"center center","background-size":"auto","background-attachment":"scroll","background-type":"","background-media":"","overlay-type":"","overlay-color":"","overlay-opacity":"","overlay-gradient":""},"tablet":{"background-color":"","background-image":"","background-repeat":"repeat","background-position":"center center","background-size":"auto","background-attachment":"scroll","background-type":"","background-media":"","overlay-type":"","overlay-color":"","overlay-opacity":"","overlay-gradient":""},"mobile":{"background-color":"","background-image":"","background-repeat":"repeat","background-position":"center center","background-size":"auto","background-attachment":"scroll","background-type":"","background-media":"","overlay-type":"","overlay-color":"","overlay-opacity":"","overlay-gradient":""}},"ast-content-background-meta":{"desktop":{"background-color":"var(--ast-global-color-4)","background-image":"","background-repeat":"repeat","background-position":"center center","background-size":"auto","background-attachment":"scroll","background-type":"","background-media":"","overlay-type":"","overlay-color":"","overlay-opacity":"","overlay-gradient":""},"tablet":{"background-color":"var(--ast-global-color-4)","background-image":"","background-repeat":"repeat","background-position":"center center","background-size":"auto","background-attachment":"scroll","background-type":"","background-media":"","overlay-type":"","overlay-color":"","overlay-opacity":"","overlay-gradient":""},"mobile":{"background-color":"var(--ast-global-color-4)","background-image":"","background-repeat":"repeat","background-position":"center center","background-size":"auto","background-attachment":"scroll","background-type":"","background-media":"","overlay-type":"","overlay-color":"","overlay-opacity":"","overlay-gradient":""}},"footnotes":""},"class_list":["post-294","page","type-page","status-publish","hentry"],"_links":{"self":[{"href":"https:\/\/bobbys-pub.ch\/it\/wp-json\/wp\/v2\/pages\/294","targetHints":{"allow":["GET"]}}],"collection":[{"href":"https:\/\/bobbys-pub.ch\/it\/wp-json\/wp\/v2\/pages"}],"about":[{"href":"https:\/\/bobbys-pub.ch\/it\/wp-json\/wp\/v2\/types\/page"}],"author":[{"embeddable":true,"href":"https:\/\/bobbys-pub.ch\/it\/wp-json\/wp\/v2\/users\/1"}],"replies":[{"embeddable":true,"href":"https:\/\/bobbys-pub.ch\/it\/wp-json\/wp\/v2\/comments?post=294"}],"version-history":[{"count":12,"href":"https:\/\/bobbys-pub.ch\/it\/wp-json\/wp\/v2\/pages\/294\/revisions"}],"predecessor-version":[{"id":888,"href":"https:\/\/bobbys-pub.ch\/it\/wp-json\/wp\/v2\/pages\/294\/revisions\/888"}],"wp:attachment":[{"href":"https:\/\/bobbys-pub.ch\/it\/wp-json\/wp\/v2\/media?parent=294"}],"curies":[{"name":"wp","href":"https:\/\/api.w.org\/{rel}","templated":true}]}}